{"id":221,"date":"2020-05-08T15:46:13","date_gmt":"2020-05-08T13:46:13","guid":{"rendered":"http:\/\/neu.freizeitsport-westerstetten.de\/?page_id=221"},"modified":"2020-05-08T15:46:14","modified_gmt":"2020-05-08T13:46:14","slug":"yoga","status":"publish","type":"page","link":"http:\/\/freizeitsport-westerstetten.de\/?page_id=221","title":{"rendered":"Yoga"},"content":{"rendered":"\n<table id=\"tablepress-8\" class=\"tablepress tablepress-id-8\">\n<tbody class=\"row-hover\">\n<tr class=\"row-1 odd\">\n\t<td class=\"column-1\"><strong>Wochentag<\/strong><\/td><td class=\"column-2\">freitags<\/td>\n<\/tr>\n<tr class=\"row-2 even\">\n\t<td class=\"column-1\"><strong>Uhrzeit<\/strong><\/td><td class=\"column-2\">Kurs 08:30 - 09:45 Uhr<\/td>\n<\/tr>\n<tr class=\"row-3 odd\">\n\t<td class=\"column-1\"><strong>Dauer<\/strong><\/td><td class=\"column-2\">10 Einheiten<\/td>\n<\/tr>\n<tr class=\"row-4 even\">\n\t<td class=\"column-1\"><strong>Alter<\/strong><\/td><td class=\"column-2\">ab 16 Jahre<\/td>\n<\/tr>\n<tr class=\"row-5 odd\">\n\t<td class=\"column-1\"><strong>Ort<\/strong><\/td><td class=\"column-2\">Lonetalhalle \/ Gym-Raum<\/td>\n<\/tr>\n<tr class=\"row-6 even\">\n\t<td class=\"column-1\"><strong>Gruppenleitung<\/strong><\/td><td class=\"column-2\">Verena Stocker (\u00dcBL-C-Lizenz)<\/td>\n<\/tr>\n<tr class=\"row-7 odd\">\n\t<td class=\"column-1\"><strong>Kosten<\/strong><\/td><td class=\"column-2\">60,- \u20ac \/ TE (Mitglieder)<br \/>\n90,- \u20ac \/ TE (Nichtmitglieder)<\/td>\n<\/tr>\n<tr class=\"row-8 even\">\n\t<td class=\"column-1\"><strong>Beschreibung<\/strong><\/td><td class=\"column-2\">Yoga ist ein Training f\u00fcr den Bewegungsapparat sowie f\u00fcr Koordination und Gleichgewicht. Yoga dient als ganzheitliche Entspannungstechnik. Entfliehen auch Sie dem Alltag und helfen Sie K\u00f6rper und Geist sich zu verbinden, dass sie harmonisch auf einander einwirken. F\u00fcr Anf\u00e4nger und Fortgeschrittene geeignet.<\/td>\n<\/tr>\n<tr class=\"row-9 odd\">\n\t<td class=\"column-1\"><strong>Hinweise<\/strong><\/td><td class=\"column-2\">- Yoga-Matte (Iso-Matten sind vor Ort)<br \/>\n- gro\u00dfes Handtuch\/Decke<br \/>\n- bequeme Kleidung<br \/>\n- dicke Socken<\/td>\n<\/tr>\n<tr class=\"row-10 even\">\n\t<td class=\"column-1\"><strong>Anmeldung<\/strong><\/td><td class=\"column-2\"><a href=\"http:\/\/freizeitsport-westerstetten.de\/wp-content\/uploads\/2025\/03\/Anmeldung-Yoga.pdf\" target=\"_blank\" rel=\"noopener noreferrer\">zum Anmeldeformular<\/a><br \/>\n(Bitte bei der Abteilungsleitung ausgef\u00fcllt abgeben, <br \/>\noder per Scan an eMail: freizeitsport@tsv-westerstetten.org)<\/a><\/td>\n<\/tr>\n<\/tbody>\n<\/table>\n<!-- #tablepress-8 from cache -->\n","protected":false},"excerpt":{"rendered":"","protected":false},"author":1,"featured_media":0,"parent":0,"menu_order":0,"comment_status":"closed","ping_status":"closed","template":"","meta":[],"_links":{"self":[{"href":"http:\/\/freizeitsport-westerstetten.de\/index.php?rest_route=\/wp\/v2\/pages\/221"}],"collection":[{"href":"http:\/\/freizeitsport-westerstetten.de\/index.php?rest_route=\/wp\/v2\/pages"}],"about":[{"href":"http:\/\/freizeitsport-westerstetten.de\/index.php?rest_route=\/wp\/v2\/types\/page"}],"author":[{"embeddable":true,"href":"http:\/\/freizeitsport-westerstetten.de\/index.php?rest_route=\/wp\/v2\/users\/1"}],"replies":[{"embeddable":true,"href":"http:\/\/freizeitsport-westerstetten.de\/index.php?rest_route=%2Fwp%2Fv2%2Fcomments&post=221"}],"version-history":[{"count":1,"href":"http:\/\/freizeitsport-westerstetten.de\/index.php?rest_route=\/wp\/v2\/pages\/221\/revisions"}],"predecessor-version":[{"id":222,"href":"http:\/\/freizeitsport-westerstetten.de\/index.php?rest_route=\/wp\/v2\/pages\/221\/revisions\/222"}],"wp:attachment":[{"href":"http:\/\/freizeitsport-westerstetten.de\/index.php?rest_route=%2Fwp%2Fv2%2Fmedia&parent=221"}],"curies":[{"name":"wp","href":"https:\/\/api.w.org\/{rel}","templated":true}]}}