{"id":257,"date":"2020-05-11T11:20:08","date_gmt":"2020-05-11T09:20:08","guid":{"rendered":"http:\/\/neu.freizeitsport-westerstetten.de\/?page_id=257"},"modified":"2020-05-11T11:20:08","modified_gmt":"2020-05-11T09:20:08","slug":"senioren-gymnastik","status":"publish","type":"page","link":"http:\/\/freizeitsport-westerstetten.de\/?page_id=257","title":{"rendered":"Senioren-Gymnastik"},"content":{"rendered":"\n<table id=\"tablepress-13\" class=\"tablepress tablepress-id-13\">\n<tbody class=\"row-hover\">\n<tr class=\"row-1 odd\">\n\t<td class=\"column-1\"><strong>Wochentag<\/strong><\/td><td class=\"column-2\">montags<\/td>\n<\/tr>\n<tr class=\"row-2 even\">\n\t<td class=\"column-1\"><strong>Uhrzeit<\/strong><\/td><td class=\"column-2\">08:45 - 09:45 Uhr<\/td>\n<\/tr>\n<tr class=\"row-3 odd\">\n\t<td class=\"column-1\"><strong>Dauer<\/strong><\/td><td class=\"column-2\">Dauergruppe<\/td>\n<\/tr>\n<tr class=\"row-4 even\">\n\t<td class=\"column-1\"><strong>Alter<\/strong><\/td><td class=\"column-2\">ab 65 Jahre (auch j\u00fcnger m\u00f6glich)<\/td>\n<\/tr>\n<tr class=\"row-5 odd\">\n\t<td class=\"column-1\"><strong>Ort<\/strong><\/td><td class=\"column-2\">Lonetalhalle<\/td>\n<\/tr>\n<tr class=\"row-6 even\">\n\t<td class=\"column-1\"><strong>Gruppenleitung<\/strong><\/td><td class=\"column-2\">Andrea Honselaers (Physiotherapeutin)<\/td>\n<\/tr>\n<tr class=\"row-7 odd\">\n\t<td class=\"column-1\"><strong>Kosten<\/strong><\/td><td class=\"column-2\"> 5,- \u20ac pro Monat (Mitgieder)<br \/>\n10,- \u20ac pro Monat (Nichtmitglieder)<\/td>\n<\/tr>\n<tr class=\"row-8 even\">\n\t<td class=\"column-1\"><strong>Beschreibung<\/strong><\/td><td class=\"column-2\">\tKr\u00e4ftigung der Muskulatur, St\u00e4rkung der Mobilit\u00e4t, Training der Reflexe um im Gleichgewicht zu bleiben<\/td>\n<\/tr>\n<tr class=\"row-9 odd\">\n\t<td class=\"column-1\"><strong>Hinweise<\/strong><\/td><td class=\"column-2\">bequeme Kleidung \/ Sportkleidung<\/td>\n<\/tr>\n<tr class=\"row-10 even\">\n\t<td class=\"column-1\"><strong>Anmeldung<\/strong><\/td><td class=\"column-2\"><a href=\"http:\/\/neu.freizeitsport-westerstetten.de\/wp-content\/uploads\/2020\/05\/Anmeldung_Senioren-Gym.pdf\" target=\"_blank\" rel=\"noopener noreferrer\">zum Anmeldeformular<\/a><\/td>\n<\/tr>\n<\/tbody>\n<\/table>\n<!-- #tablepress-13 from cache -->\n","protected":false},"excerpt":{"rendered":"","protected":false},"author":1,"featured_media":0,"parent":0,"menu_order":0,"comment_status":"closed","ping_status":"closed","template":"","meta":[],"_links":{"self":[{"href":"http:\/\/freizeitsport-westerstetten.de\/index.php?rest_route=\/wp\/v2\/pages\/257"}],"collection":[{"href":"http:\/\/freizeitsport-westerstetten.de\/index.php?rest_route=\/wp\/v2\/pages"}],"about":[{"href":"http:\/\/freizeitsport-westerstetten.de\/index.php?rest_route=\/wp\/v2\/types\/page"}],"author":[{"embeddable":true,"href":"http:\/\/freizeitsport-westerstetten.de\/index.php?rest_route=\/wp\/v2\/users\/1"}],"replies":[{"embeddable":true,"href":"http:\/\/freizeitsport-westerstetten.de\/index.php?rest_route=%2Fwp%2Fv2%2Fcomments&post=257"}],"version-history":[{"count":1,"href":"http:\/\/freizeitsport-westerstetten.de\/index.php?rest_route=\/wp\/v2\/pages\/257\/revisions"}],"predecessor-version":[{"id":258,"href":"http:\/\/freizeitsport-westerstetten.de\/index.php?rest_route=\/wp\/v2\/pages\/257\/revisions\/258"}],"wp:attachment":[{"href":"http:\/\/freizeitsport-westerstetten.de\/index.php?rest_route=%2Fwp%2Fv2%2Fmedia&parent=257"}],"curies":[{"name":"wp","href":"https:\/\/api.w.org\/{rel}","templated":true}]}}