{"id":76,"date":"2020-04-21T11:44:44","date_gmt":"2020-04-21T11:44:44","guid":{"rendered":"http:\/\/freizeitsport-westerstetten.de\/?page_id=76"},"modified":"2020-05-12T08:49:24","modified_gmt":"2020-05-12T06:49:24","slug":"uebungsleiterportal","status":"publish","type":"page","link":"http:\/\/freizeitsport-westerstetten.de\/?page_id=76","title":{"rendered":"\u00dcbungsleiterportal"},"content":{"rendered":"\n<p><strong>Es werden dringend Leiter\/-innen f\u00fcr das\u00a0Kinderturnen (4-6 Jahre) gesucht. Aufgrund der gro\u00dfen Nachfrage, k\u00f6nnten wir eine zus\u00e4tzliche Gruppe er\u00f6ffnen. Die r\u00e4umlichen Kapazit\u00e4ten sind vorhanden. Gern unterst\u00fctzen wir engagierte Eltern bei Interesse oder Fortbildungen. Bitte bei der Abteilungsleistung melden. Vielen Dank.\u00a0<\/strong><\/p>\n\n\n\n<p>Der TSV Westerstetten ist immer auf der Suche nach \u00dcbungsleitern oder Trainern. Da wir das &#8222;Vereinsleben&#8220; gern erhalten m\u00f6chten, freuen wir uns nat\u00fcrlich auch, wenn diese T\u00e4tigkeiten als Ehrenamt ausgef\u00fchrt werden k\u00f6nnen.<br>Der Verein ist auch gern bereit \u00dcbungsleiter-Schulungen zu finanzieren. <\/p>\n\n\n\n<p>Bei Interesse oder Fragen k\u00f6nnt Ihr uns gerne kontaktieren.<\/p>\n\n\n<div class=\"wpforms-container wpforms-container-full\" id=\"wpforms-62\"><form id=\"wpforms-form-62\" class=\"wpforms-validate wpforms-form\" data-formid=\"62\" method=\"post\" enctype=\"multipart\/form-data\" action=\"\/index.php?rest_route=%2Fwp%2Fv2%2Fpages%2F76\" data-token=\"b433db9083145e151671d34417cc2531\"><noscript class=\"wpforms-error-noscript\">Bitte aktiviere JavaScript in deinem Browser, um dieses Formular fertigzustellen.<\/noscript><div class=\"wpforms-field-container\"><div id=\"wpforms-62-field_0-container\" class=\"wpforms-field wpforms-field-name wpforms-one-half wpforms-first\" data-field-id=\"0\"><label class=\"wpforms-field-label wpforms-label-hide\" for=\"wpforms-62-field_0\">Name <span class=\"wpforms-required-label\">*<\/span><\/label><input type=\"text\" id=\"wpforms-62-field_0\" class=\"wpforms-field-large wpforms-field-required\" name=\"wpforms[fields][0]\" placeholder=\"Dein Name\" required><\/div><div id=\"wpforms-62-field_3-container\" class=\"wpforms-field wpforms-field-email wpforms-one-half\" data-field-id=\"3\"><label class=\"wpforms-field-label wpforms-label-hide\" for=\"wpforms-62-field_3\">Email <span class=\"wpforms-required-label\">*<\/span><\/label><input type=\"email\" id=\"wpforms-62-field_3\" class=\"wpforms-field-large wpforms-field-required\" name=\"wpforms[fields][3]\" placeholder=\"Deine eMail\" required><\/div><div id=\"wpforms-62-field_4-container\" class=\"wpforms-field wpforms-field-text\" data-field-id=\"4\"><label class=\"wpforms-field-label wpforms-label-hide\" for=\"wpforms-62-field_4\">Betreff<\/label><input type=\"text\" id=\"wpforms-62-field_4\" class=\"wpforms-field-large\" name=\"wpforms[fields][4]\" placeholder=\"Betreff\" ><\/div><div id=\"wpforms-62-field_2-container\" class=\"wpforms-field wpforms-field-textarea\" data-field-id=\"2\"><label class=\"wpforms-field-label wpforms-label-hide\" for=\"wpforms-62-field_2\">Nachricht <span class=\"wpforms-required-label\">*<\/span><\/label><textarea id=\"wpforms-62-field_2\" class=\"wpforms-field-medium wpforms-field-required\" name=\"wpforms[fields][2]\" placeholder=\"Deine Nachricht\" required><\/textarea><\/div><\/div><div class=\"wpforms-field wpforms-field-hp\"><label for=\"wpforms-62-field-hp\" class=\"wpforms-field-label\">Name<\/label><input type=\"text\" name=\"wpforms[hp]\" id=\"wpforms-62-field-hp\" class=\"wpforms-field-medium\"><\/div><div class=\"wpforms-submit-container\"><input type=\"hidden\" name=\"wpforms[id]\" value=\"62\"><input type=\"hidden\" name=\"wpforms[author]\" value=\"1\"><button type=\"submit\" name=\"wpforms[submit]\" id=\"wpforms-submit-62\" class=\"wpforms-submit\" data-alt-text=\"Senden...\" data-submit-text=\"Nachricht abschicken\" aria-live=\"assertive\" value=\"wpforms-submit\">Nachricht abschicken<\/button><\/div><\/form><\/div>  <!-- .wpforms-container -->","protected":false},"excerpt":{"rendered":"<p>Es werden dringend Leiter\/-innen f\u00fcr das\u00a0Kinderturnen (4-6 Jahre) gesucht. Aufgrund der gro\u00dfen Nachfrage, k\u00f6nnten wir eine zus\u00e4tzliche Gruppe er\u00f6ffnen. Die r\u00e4umlichen Kapazit\u00e4ten sind vorhanden. Gern unterst\u00fctzen wir engagierte Eltern bei Interesse oder Fortbildungen. Bitte bei der Abteilungsleistung melden. Vielen Dank.\u00a0 Der TSV Westerstetten ist immer auf der Suche nach \u00dcbungsleitern [&hellip;]<\/p>\n","protected":false},"author":1,"featured_media":0,"parent":0,"menu_order":0,"comment_status":"closed","ping_status":"closed","template":"","meta":[],"_links":{"self":[{"href":"http:\/\/freizeitsport-westerstetten.de\/index.php?rest_route=\/wp\/v2\/pages\/76"}],"collection":[{"href":"http:\/\/freizeitsport-westerstetten.de\/index.php?rest_route=\/wp\/v2\/pages"}],"about":[{"href":"http:\/\/freizeitsport-westerstetten.de\/index.php?rest_route=\/wp\/v2\/types\/page"}],"author":[{"embeddable":true,"href":"http:\/\/freizeitsport-westerstetten.de\/index.php?rest_route=\/wp\/v2\/users\/1"}],"replies":[{"embeddable":true,"href":"http:\/\/freizeitsport-westerstetten.de\/index.php?rest_route=%2Fwp%2Fv2%2Fcomments&post=76"}],"version-history":[{"count":3,"href":"http:\/\/freizeitsport-westerstetten.de\/index.php?rest_route=\/wp\/v2\/pages\/76\/revisions"}],"predecessor-version":[{"id":302,"href":"http:\/\/freizeitsport-westerstetten.de\/index.php?rest_route=\/wp\/v2\/pages\/76\/revisions\/302"}],"wp:attachment":[{"href":"http:\/\/freizeitsport-westerstetten.de\/index.php?rest_route=%2Fwp%2Fv2%2Fmedia&parent=76"}],"curies":[{"name":"wp","href":"https:\/\/api.w.org\/{rel}","templated":true}]}}