{"id":81,"date":"2020-04-21T11:57:52","date_gmt":"2020-04-21T11:57:52","guid":{"rendered":"http:\/\/freizeitsport-westerstetten.de\/?page_id=81"},"modified":"2020-05-08T15:19:14","modified_gmt":"2020-05-08T13:19:14","slug":"aroha","status":"publish","type":"page","link":"http:\/\/freizeitsport-westerstetten.de\/?page_id=81","title":{"rendered":"Aroha"},"content":{"rendered":"\n<table id=\"tablepress-2\" class=\"tablepress tablepress-id-2\">\n<tbody class=\"row-hover\">\n<tr class=\"row-1 odd\">\n\t<td class=\"column-1\"><strong>Wochentag<\/strong><\/td><td class=\"column-2\">dienstags<\/td>\n<\/tr>\n<tr class=\"row-2 even\">\n\t<td class=\"column-1\"><strong>Uhrzeit<\/strong><\/td><td class=\"column-2\">19:00 Uhr \u2013 20:15 Uhr (Winterzeit)<br \/>\n19:30 Uhr \u2013 20:45 Uhr (Sommerzeit)<\/td>\n<\/tr>\n<tr class=\"row-3 odd\">\n\t<td class=\"column-1\"><strong>Dauer<\/strong><\/td><td class=\"column-2\">Dauergruppe<\/td>\n<\/tr>\n<tr class=\"row-4 even\">\n\t<td class=\"column-1\"><strong>Alter<\/strong><\/td><td class=\"column-2\">ab 16 Jahre<\/td>\n<\/tr>\n<tr class=\"row-5 odd\">\n\t<td class=\"column-1\"><strong>Ort<\/strong><\/td><td class=\"column-2\">Lonetalhalle \/ Gym-Raum<br \/>\n( Sommermonate \u2013 am Sportplatz)<\/td>\n<\/tr>\n<tr class=\"row-6 even\">\n\t<td class=\"column-1\"><strong>Gruppenleitung<\/strong><\/td><td class=\"column-2\">Julia Tropp<br \/>\n(\u00dcL \u2013 C-Lizenz, AROHA\u00ae Advanced Instructor)<\/td>\n<\/tr>\n<tr class=\"row-7 odd\">\n\t<td class=\"column-1\"><strong>Kosten<\/strong><\/td><td class=\"column-2\">nur Mitgliedschaft erforderlich<\/td>\n<\/tr>\n<tr class=\"row-8 even\">\n\t<td class=\"column-1\"><strong>Beschreibung<\/strong><\/td><td class=\"column-2\">Ein effektiver und unkomplizierter Gesundheitskurs; kr\u00e4ftigt den ganzen K\u00f6rper, insbesondere Schulter-\/Nackenmuskulatur, Ges\u00e4\u00df und Oberschenkel und f\u00fchrt zu innerer Ausgeglichenheit; st\u00e4ndig wechselnde spannungsvolle und entspannende Elemente, die verborgene Energien freisetzen und der Seele ein Wohlbefindenbereiten; ein Kurs, an dem jede(r) ohne Vorkenntnisse und in jedem Alter und Trainingszustand teilnehmen kann.<br \/>\n<br \/>\nAROHA ist inspiriert vom Haka (Kriegstanz der Maoris aus Neuseeland mit ausdrucksstarken Bewegungen), vom traditionellen Kung Fu bzw. Taiji Elementen. Beim Haka wird die herausragende Kraft demonstriert, die in jedem Menschen schlummertund durch Willenskraft zum Ausdruck kommt.<\/td>\n<\/tr>\n<tr class=\"row-9 odd\">\n\t<td class=\"column-1\"><strong>Hinweise<\/strong><\/td><td class=\"column-2\">bequeme Kleidung \/ Sportkleidung <\/td>\n<\/tr>\n<tr class=\"row-10 even\">\n\t<td class=\"column-1\"><strong>Anmeldung<\/strong><\/td><td class=\"column-2\"><a href=\"http:\/\/neu.freizeitsport-westerstetten.de\/wp-content\/uploads\/2020\/04\/Anmeldung_AROHA.pdf\" target=\"_blank\" rel=\"noopener noreferrer\">zum Anmeldeformular<\/a><\/td>\n<\/tr>\n<\/tbody>\n<\/table>\n<!-- #tablepress-2 from cache -->\n\n\n\n<p><\/p>\n","protected":false},"excerpt":{"rendered":"","protected":false},"author":1,"featured_media":0,"parent":0,"menu_order":0,"comment_status":"closed","ping_status":"closed","template":"","meta":[],"_links":{"self":[{"href":"http:\/\/freizeitsport-westerstetten.de\/index.php?rest_route=\/wp\/v2\/pages\/81"}],"collection":[{"href":"http:\/\/freizeitsport-westerstetten.de\/index.php?rest_route=\/wp\/v2\/pages"}],"about":[{"href":"http:\/\/freizeitsport-westerstetten.de\/index.php?rest_route=\/wp\/v2\/types\/page"}],"author":[{"embeddable":true,"href":"http:\/\/freizeitsport-westerstetten.de\/index.php?rest_route=\/wp\/v2\/users\/1"}],"replies":[{"embeddable":true,"href":"http:\/\/freizeitsport-westerstetten.de\/index.php?rest_route=%2Fwp%2Fv2%2Fcomments&post=81"}],"version-history":[{"count":5,"href":"http:\/\/freizeitsport-westerstetten.de\/index.php?rest_route=\/wp\/v2\/pages\/81\/revisions"}],"predecessor-version":[{"id":184,"href":"http:\/\/freizeitsport-westerstetten.de\/index.php?rest_route=\/wp\/v2\/pages\/81\/revisions\/184"}],"wp:attachment":[{"href":"http:\/\/freizeitsport-westerstetten.de\/index.php?rest_route=%2Fwp%2Fv2%2Fmedia&parent=81"}],"curies":[{"name":"wp","href":"https:\/\/api.w.org\/{rel}","templated":true}]}}